{"id":2156,"date":"2015-04-13T18:53:32","date_gmt":"2015-04-13T16:53:32","guid":{"rendered":"http:\/\/www.weiterbildungsmarkt.net\/magazin\/?page_id=2156"},"modified":"2017-09-07T18:13:27","modified_gmt":"2017-09-07T16:13:27","slug":"weiterbildung_kriterien_auswahl_weiterbildung","status":"publish","type":"page","link":"https:\/\/www.weiterbildungsmarkt.net\/magazin\/weiterbildung_kriterien_auswahl_weiterbildung\/","title":{"rendered":"Weiterbildung &#8211; Wesentliche Kriterien f\u00fcr die Auswahl der passenden Weiterbildung"},"content":{"rendered":"<p><img loading=\"lazy\" decoding=\"async\" class=\"size-medium wp-image-2165 alignleft\" src=\"https:\/\/www.weiterbildungsmarkt.net\/magazin\/wp-content\/uploads\/2015\/04\/Weiterbildung_passende-Weiterbildung-suchen-und-finden-300x200.jpg\" alt=\"Weiterbildung_passende Weiterbildung suchen und finden\" width=\"300\" height=\"200\" \/><\/p>\n<h2 style=\"text-align: justify;\">Wie Sie die passende Weiterbildung suchen &amp; finden<\/h2>\n<p style=\"text-align: justify;\">Weiterbildung ist der zentrale Schl\u00fcssel f\u00fcr beruflichen und pers\u00f6nlichen Erfolg. Da vorhandenes Wissen nach und nach veraltet und laufende Ver\u00e4nderungen, in der Technologie, in Branchen und in den Strukturen und Abl\u00e4ufen von Organisationen erfolgen, ist eine regelm\u00e4\u00dfige Ausbildung und Weiterbildung unumg\u00e4nglich f\u00fcr alle Berufsgruppen, Hierarchien und Geschlechter.<\/p>\n<h3 style=\"text-align: justify;\">Weiterbildung suchen und finden<\/h3>\n<p style=\"text-align: justify;\">Das Angebot an Instituten in der Weiterbildung, den sogenannten Bildungstr\u00e4gern und Trainern ist mittlerweile so gro\u00df und un\u00fcbersichtlich, dass es von enormer Bedeutung ist, sich bei der Wahl der passenden Ausbildung und Weiterbildung, Transparenz im Weiterbildungsmarkt zu erhalten und sich eine gute \u00dcbersicht zu verschaffen.<\/p>\n<p style=\"text-align: justify;\">Auf Weiterbildungsmarkt.at finden Sie f\u00fcr eine erste \u00dcbersicht zahlreiche Weiterbildungsanbieter und jede Menge Weiterbildungen. Durch die Filterung mit den entsprechenden Suchfiltern k\u00f6nnen Sie das Suchergebnis einschr\u00e4nken. Als Suchfilter stehen Ihnen zur Verf\u00fcgung: Fachbereiche, f\u00fcr eine thematische Eingrenzung; Ort, f\u00fcr eine regionale Filterung und Preis, um in einem bestimmten Preissegment suchen zu k\u00f6nnen.<\/p>\n<h3 style=\"text-align: justify;\">Wie Sie nach der geeigneten Weiterbildung suchen:<\/h3>\n<p style=\"text-align: justify;\">W\u00e4hlen Sie zun\u00e4chst den passenden Fachbereich in der Rubrik &#8222;Weiterbildung&#8220; aus. Im Suchergebnis erhalten Sie eine Auflistung \u00fcber die entsprechend zugeordneten Weiterbildungen. Wenn eine der vorgeschlagenen Weiterbildung f\u00fcr Sie interessant klingt, \u00f6ffnen Sie das Profil durch klicken auf die blau hinterlegte \u00dcberschrift.<\/p>\n<h3 style=\"text-align: justify;\">Worauf Sie bei der Auswahl der geeigneten Weiterbildung achten sollten:<\/h3>\n<p style=\"text-align: justify;\"><strong>Informationen zum Weiterbildungsanbieter:<\/strong> Welche Person\/Institution bietet die Weiterbildung an? Hat dieser Anbieter einen Bekanntheitsgrad? Sind die Weiterbildungen anerkannt? Gibt es Qualit\u00e4tszertifikate von unabh\u00e4ngigen Stellen? Unser Tipp: Details \u00fcber die Anbieter finden Sie unter dem Button rechts oben im Weiterbildungsprofil mit dem Wortlaut: &#8222;&gt;&gt; zum Anbieterprofil&#8220;<\/p>\n<p style=\"text-align: justify;\"><strong>Angebotene Inhalte:<\/strong> Werden die Inhalte geboten, die Sie f\u00fcr Ihr berufliches Fortkommen ben\u00f6tigen? Werden die Inhalte auch genau im Programm, in den Ausschreibungen angef\u00fchrt? Unser Tipp: Wenn das Profil auf Weiterbildungsmarkt.at die Detailinformationen nicht liefert, dann besuchen Sie auch noch die Webseite des Bildungstr\u00e4gers. Meist finden sich dort die weiterf\u00fchrenden Informationen \u00fcber die angebotene Weiterbildungsma\u00dfnahme.<\/p>\n<p style=\"text-align: justify;\"><strong>Trainer\/Lehrende:<\/strong> Gibt es Angaben \u00fcber das Lehrpersonal? Welche Qualifikationen, Erfahrungen haben diese? Unser Tipp: Ob Sie in der Weiterbildung etwas lernen oder nicht, h\u00e4ngt zu einem gro\u00dfen Teil von der Qualit\u00e4t der Lehrenden ab. Kl\u00e4ren Sie daher unbedingt diesen Punkt vor der Entscheidungsfindung ab!<\/p>\n<p style=\"text-align: justify;\"><strong>Offene Fragen:<\/strong> Die Wahl der passenden Weiterbildung ist im Normalfall keine leichte Entscheidung. Je kostenintensiver die Ma\u00dfnahme ist, desto gr\u00fcndlicher sollte auch die Recherche sein. Unser Tipp: Nehmen Sie unbedingt Kontakt auf mit dem Bildungstr\u00e4ger! Stellen Sie Ihre offenen Fragen und vergleichen Sie danach die Angebote!<\/p>\n<h3 style=\"text-align: justify;\">Weiterbildung suchen:<\/h3>\n<p style=\"text-align: justify;\"><a href=\"https:\/\/www.weiterbildungsmarkt.net\/weiterbildung-banken-versicherung\">&gt;&gt; Banken &amp; Versicherung <\/a><br \/>\n<a href=\"https:\/\/www.weiterbildungsmarkt.net\/weiterbildung-bauwirtschaft-immobilien\">&gt;&gt; Bauwirtschaft &amp; Immobilien <\/a><br \/>\n<a href=\"https:\/\/www.weiterbildungsmarkt.net\/weiterbildung-bildung-training-coaching\">&gt;&gt; Bildung, Training, Coaching <\/a><br \/>\n<a href=\"https:\/\/www.weiterbildungsmarkt.net\/weiterbildung-edv-it\">&gt;&gt; EDV &amp; IT<\/a><br \/>\n<a href=\"https:\/\/www.weiterbildungsmarkt.net\/weiterbildung-energie-umwelt\">&gt;&gt; Energie &amp; Umwelt<\/a><br \/>\n<a href=\"https:\/\/www.weiterbildungsmarkt.net\/weiterbildung-finanz-rechnungswesen\">&gt;&gt; Finanz- &amp; Rechnungswesen<\/a><br \/>\n<a href=\"https:\/\/www.weiterbildungsmarkt.net\/weiterbildung-gesundheit-medizin\">&gt;&gt; Gesundheit &amp; Medizin<\/a><br \/>\n<a href=\"https:\/\/www.weiterbildungsmarkt.net\/weiterbildung-industrie-produktion-lager\">&gt;&gt; Industrie &amp; Produktion<\/a><br \/>\n<a href=\"https:\/\/www.weiterbildungsmarkt.net\/weiterbildung-kunst-kultur\">&gt;&gt; Kunst &amp; Kultur<\/a><br \/>\n<a href=\"https:\/\/www.weiterbildungsmarkt.net\/weiterbildung-management-fuehrung\">&gt;&gt; Management &amp; F\u00fchrung<\/a><br \/>\n<a href=\"https:\/\/www.weiterbildungsmarkt.net\/weiterbildung-marketing-vertrieb-pr\">&gt;&gt; Marketing, Vertrieb, PR <\/a><br \/>\n<a href=\"https:\/\/www.weiterbildungsmarkt.net\/weiterbildung-medien\">&gt;&gt; Medien <\/a><br \/>\n<a href=\"https:\/\/www.weiterbildungsmarkt.net\/weiterbildung-personalmanagement-organisation\">&gt;&gt; Personalmanagement<\/a><br \/>\n<a href=\"https:\/\/www.weiterbildungsmarkt.net\/weiterbildung-persoenlichkeit-soft-skills\">&gt;&gt; Pers\u00f6nlichkeit &amp; Soft Skills<\/a><br \/>\n<a href=\"https:\/\/www.weiterbildungsmarkt.net\/weiterbildung-projektmanagement\">&gt;&gt; Projektmanagement<\/a><br \/>\n<a href=\"https:\/\/www.weiterbildungsmarkt.net\/weiterbildung-methoden-kompetenz-selbstmanagement\">&gt;&gt; Selbstmanagement<\/a><br \/>\n<a href=\"https:\/\/www.weiterbildungsmarkt.net\/weiterbildung-soziales-psychologie-therapie\">&gt;&gt; Soziales<\/a><br \/>\n<a href=\"https:\/\/www.weiterbildungsmarkt.net\/weiterbildung-fernlehrgang\">&gt;&gt; Fernlehrgang<\/a><br \/>\n<a href=\"https:\/\/www.weiterbildungsmarkt.net\/weiterbildung-fernstudium-und-online\">&gt;&gt; Online und Fernstudium<\/a><br \/>\n<a href=\"https:\/\/www.weiterbildungsmarkt.net\/weiterbildung-masterstudium\">&gt;&gt; Masterstudium <\/a><br \/>\n<a href=\"https:\/\/www.weiterbildungsmarkt.net\/weiterbildung-msc-ma-und-weitere-master-lehrgaenge\">&gt;&gt; Master-Lehrg\u00e4nge<\/a><br \/>\n<a href=\"https:\/\/www.weiterbildungsmarkt.net\/weiterbildung-mba-master-of-business-administration\">&gt;&gt; MBA<\/a><br \/>\n<a href=\"https:\/\/www.weiterbildungsmarkt.net\/weiterbildung-llm-master-of-laws\">&gt;&gt; LL.M.<\/a><\/p>\n<p style=\"text-align: justify;\">[su_divider top=&#8220;no&#8220; size=&#8220;1&#8243;]<\/p>\n<h2 style=\"text-align: justify;\">Interesannte Magazin-Beitr\u00e4ge in der Weiterbildung:<\/h2>\n<h3 class=\"entry-title\" style=\"text-align: justify;\"><a title=\"Weiterbildung: Wer richtig w\u00e4hlt, gewinnt\" href=\"https:\/\/www.weiterbildungsmarkt.net\/magazin\/weiterbildung-wer-richtig-waehlt-gewinnt\/\" rel=\"bookmark\">Weiterbildung: Wer richtig w\u00e4hlt, gewinnt<\/a><\/h3>\n<p style=\"text-align: justify;\">Auffrischen des Fachwissens und die laufende Weiterentwicklung der pers\u00f6nlichen Kompetenzen erfordern kontinuierliche Aus- und Weiterbildung. Bei der F\u00fclle an inhaltlichen M\u00f6glichkeiten und der Vielzahl&#8230;<\/p>\n<h3 class=\"entry-title\" style=\"text-align: justify;\"><a title=\"Wissen allein reicht nicht\" href=\"https:\/\/www.weiterbildungsmarkt.net\/magazin\/wissen-allein-reicht-nicht\/\" rel=\"bookmark\">Wissen allein reicht nicht<\/a><\/h3>\n<p style=\"text-align: justify;\">Johann Wolfgang von Goethe hat geschrieben: \u201cEs ist nicht genug, zu wissen, man muss es auch anwenden; es ist nicht genug, zu wollen, man muss es auch tun.\u201d Dieses Zitat ist gerade in der beruflichen Weiterbildung so aktuell wie nie zuvor&#8230;<\/p>\n<h3 class=\"entry-title\" style=\"text-align: justify;\"><a title=\"Investition in die Wettbewerbsressource Wissen\" href=\"https:\/\/www.weiterbildungsmarkt.net\/magazin\/investition-in-die-wettbewerbsressource-wissen\/\" rel=\"bookmark\">Investition in die Wettbewerbsressource Wissen<\/a><\/h3>\n<p style=\"text-align: justify;\">\u00d6sterreichs Unternehmen investieren j\u00e4hrlich Millionen in die eigene Weiterbildung und die ihrer Besch\u00e4ftigten. Besonders gefragt sind Schulungen, die die Wettbewerbsf\u00e4higkeit steigern. In \u00d6sterreich wird kr\u00e4ftig&#8230;<\/p>\n<h3 class=\"entry-title\" style=\"text-align: justify;\"><a title=\"Hoch im Kurs \u2013 Trends und Entwicklungen in der Weiterbildung\" href=\"https:\/\/www.weiterbildungsmarkt.net\/magazin\/hoch-im-kurs-trends-und-entwicklungen-in-der-weiterbildung\/\" rel=\"bookmark\">Hoch im Kurs \u2013 Trends und Entwicklungen in der Weiterbildung<\/a><\/h3>\n<p style=\"text-align: justify;\">In der Aus- und Weiterbildung gibt es keine Krise: Die Bildungsanbieter sind sehr zufrieden mit der Nachfrage. Die Unternehmen haben wieder mehr Geld f\u00fcr&#8230;<\/p>\n<h3 class=\"entry-title\" style=\"text-align: justify;\"><a title=\"Qualit\u00e4t in der Weiterbildung \u2013 Teil 1: Zertifikate\" href=\"https:\/\/www.weiterbildungsmarkt.net\/magazin\/qualitaet-in-der-weiterbildung-teil-1-zertifikate\/\" rel=\"bookmark\">Qualit\u00e4t in der Weiterbildung \u2013 Teil 1: Zertifikate<\/a><\/h3>\n<p style=\"text-align: justify;\">Zertifikate haben in der beruflichen Weiterbildung einen hohen Stellenwert. Dennoch gibt es keine verbindlichen Voraussetzungen, die zertifizierte Programme erf\u00fcllen m\u00fcssen. Weiterbildungsinteressierte sind daher gefordert,&#8230;<\/p>\n<h3 class=\"entry-title\" style=\"text-align: justify;\"><a title=\"Qualit\u00e4t Teil 2: Zertifikate als Nachweise f\u00fcr Lernergebnisse\" href=\"https:\/\/www.weiterbildungsmarkt.net\/magazin\/qualitaet-teil-2-zertifikate-als-nachweise-fuer-lernergebnisse\/\" rel=\"bookmark\">Qualit\u00e4t Teil 2: Zertifikate als Nachweise f\u00fcr Lernergebnisse<\/a><\/h3>\n<p style=\"text-align: justify;\">Weiterbildungsma\u00dfnahmen mit einem Zertifikatsabschluss werden eine bessere Qualit\u00e4t zugeschrieben. Aber nicht \u00fcberall wo ein Zertifikat draufsteht ist auch ein nachgewiesener Lernerfolg drinnen. Wer vor&#8230;<\/p>\n<h3 class=\"entry-title\" style=\"text-align: justify;\"><a title=\"Lust oder Frust: Wie halten Sie\u2019s mit Ihrer Weiterbildung?\" href=\"https:\/\/www.weiterbildungsmarkt.net\/magazin\/lust-oder-frust-wie-halten-sies-mit-ihrer-weiterbildung\/\" rel=\"bookmark\">Lust oder Frust: Wie halten Sie\u2019s mit Ihrer Weiterbildung?<\/a><\/h3>\n<p style=\"text-align: justify;\">Der Jahreswechsel ist immer eine Zeit des Innehaltens und des Bilanzierens. Nicht nur privat, sondern auch beruflich. Wenn Sie zur\u00fcckschauen &#8211; haben Sie im&#8230;<\/p>\n<h3 class=\"entry-title\" style=\"text-align: justify;\"><a title=\"Verschwenden Sie Ihr Ausbildungsbudget? In drei Schritten zu mehr Kompetenzen und Wirksamkeit\" href=\"https:\/\/www.weiterbildungsmarkt.net\/magazin\/verschwenden-sie-ihr-ausbildungsbudget-drei-schritten-zu-mehr-kompetenzen-und-wirksamkeit\/\" rel=\"bookmark\">Verschwenden Sie Ihr Ausbildungsbudget? In drei Schritten zu mehr Kompetenzen und Wirksamkeit<\/a><\/h3>\n<p style=\"text-align: justify;\">Unternehmen leben von den Kompetenzen ihrer Mitarbeiter. Gehen diese verloren, ist das Unternehmen existentiell bedroht. Nicht heute und auch nicht morgen, aber \u201eam Ende&#8230;<\/p>\n<h3 class=\"entry-title\" style=\"text-align: justify;\"><a title=\"MBA oder MSc \u2013 Welcher Master ist der f\u00fcr mich richtige?\" href=\"https:\/\/www.weiterbildungsmarkt.net\/magazin\/mba-oder-msc-welcher-master-ist-der-fuer-mich-richtige\/\" rel=\"bookmark\">MBA oder MSc \u2013 Welcher Master ist der f\u00fcr mich richtige?<\/a><\/h3>\n<p style=\"text-align: justify;\">MBA oder MSc? Die Entscheidung ist nicht einfach und auch nicht generell zu beantworten. Doch werfen wir ein Licht auf eine der gr\u00f6\u00dften Fragen&#8230;<\/p>\n<h3 class=\"entry-title\" style=\"text-align: justify;\"><a title=\"\u201cMaster\u201d ist nicht gleich \u201cMaster\u201d \u2013 Eine Entscheidungshilfe bei der Auswahl eines Masterstudiums\" href=\"https:\/\/www.weiterbildungsmarkt.net\/magazin\/master-ist-nicht-gleich-master-eine-entscheidungshilfe-bei-der-auswahl-eines-masterstudiums\/\" rel=\"bookmark\">\u201cMaster\u201d ist nicht gleich \u201cMaster\u201d \u2013 Eine Entscheidungshilfe bei der Auswahl eines Masterstudiums<\/a><\/h3>\n<p style=\"text-align: justify;\">Der akademische Grad \u201eMaster\u201c wurde in Europa durch den Bologna Prozess eingef\u00fchrt. In \u00d6sterreich dauert das Masterstudium meistens vier Semester und kann der wissenschaftlichen&#8230;<\/p>\n<p style=\"text-align: justify;\">Weitere <a href=\"https:\/\/www.weiterbildungsmarkt.net\/magazin\/\">Magazin-Beitr\u00e4ge<\/a><\/p>\n<p style=\"text-align: justify;\">[su_divider text=&#8220;Nach oben&#8220; size=&#8220;1&#8243;]<\/p>\n<div class=\"shariff shariff-align-flex-start shariff-widget-align-flex-start\"><ul class=\"shariff-buttons theme-round orientation-horizontal buttonsize-medium\"><li class=\"shariff-button facebook shariff-nocustomcolor\" style=\"background-color:#4273c8\"><a href=\"https:\/\/www.facebook.com\/sharer\/sharer.php?u=https%3A%2F%2Fwww.weiterbildungsmarkt.net%2Fmagazin%2Fweiterbildung_kriterien_auswahl_weiterbildung%2F\" title=\"Bei Facebook teilen\" aria-label=\"Bei Facebook teilen\" role=\"button\" rel=\"nofollow\" class=\"shariff-link\" style=\"; background-color:#3b5998; color:#fff\" target=\"_blank\"><span class=\"shariff-icon\" style=\"\"><svg width=\"32px\" height=\"20px\" xmlns=\"http:\/\/www.w3.org\/2000\/svg\" viewBox=\"0 0 18 32\"><path fill=\"#3b5998\" d=\"M17.1 0.2v4.7h-2.8q-1.5 0-2.1 0.6t-0.5 1.9v3.4h5.2l-0.7 5.3h-4.5v13.6h-5.5v-13.6h-4.5v-5.3h4.5v-3.9q0-3.3 1.9-5.2t5-1.8q2.6 0 4.1 0.2z\"\/><\/svg><\/span><\/a><\/li><li class=\"shariff-button twitter shariff-nocustomcolor\" style=\"background-color:#595959\"><a href=\"https:\/\/twitter.com\/share?url=https%3A%2F%2Fwww.weiterbildungsmarkt.net%2Fmagazin%2Fweiterbildung_kriterien_auswahl_weiterbildung%2F&text=Weiterbildung%20%E2%80%93%20Wesentliche%20Kriterien%20f%C3%BCr%20die%20Auswahl%20der%20passenden%20Weiterbildung\" title=\"Bei X teilen\" aria-label=\"Bei X teilen\" role=\"button\" rel=\"noopener nofollow\" class=\"shariff-link\" style=\"; background-color:#000; color:#fff\" target=\"_blank\"><span class=\"shariff-icon\" style=\"\"><svg width=\"32px\" height=\"20px\" xmlns=\"http:\/\/www.w3.org\/2000\/svg\" viewBox=\"0 0 24 24\"><path fill=\"#000\" d=\"M14.258 10.152L23.176 0h-2.113l-7.747 8.813L7.133 0H0l9.352 13.328L0 23.973h2.113l8.176-9.309 6.531 9.309h7.133zm-2.895 3.293l-.949-1.328L2.875 1.56h3.246l6.086 8.523.945 1.328 7.91 11.078h-3.246zm0 0\"\/><\/svg><\/span><\/a><\/li><li class=\"shariff-button xing shariff-nocustomcolor\" style=\"background-color:#29888a\"><a href=\"https:\/\/www.xing.com\/spi\/shares\/new?url=https%3A%2F%2Fwww.weiterbildungsmarkt.net%2Fmagazin%2Fweiterbildung_kriterien_auswahl_weiterbildung%2F\" title=\"Bei XING teilen\" aria-label=\"Bei XING teilen\" role=\"button\" rel=\"noopener nofollow\" class=\"shariff-link\" style=\"; background-color:#126567; color:#fff\" target=\"_blank\"><span class=\"shariff-icon\" style=\"\"><svg width=\"32px\" height=\"20px\" xmlns=\"http:\/\/www.w3.org\/2000\/svg\" viewBox=\"0 0 25 32\"><path fill=\"#126567\" d=\"M10.7 11.9q-0.2 0.3-4.6 8.2-0.5 0.8-1.2 0.8h-4.3q-0.4 0-0.5-0.3t0-0.6l4.5-8q0 0 0 0l-2.9-5q-0.2-0.4 0-0.7 0.2-0.3 0.5-0.3h4.3q0.7 0 1.2 0.8zM25.1 0.4q0.2 0.3 0 0.7l-9.4 16.7 6 11q0.2 0.4 0 0.6-0.2 0.3-0.6 0.3h-4.3q-0.7 0-1.2-0.8l-6-11.1q0.3-0.6 9.5-16.8 0.4-0.8 1.2-0.8h4.3q0.4 0 0.5 0.3z\"\/><\/svg><\/span><\/a><\/li><li class=\"shariff-button linkedin shariff-nocustomcolor\" style=\"background-color:#1488bf\"><a href=\"https:\/\/www.linkedin.com\/sharing\/share-offsite\/?url=https%3A%2F%2Fwww.weiterbildungsmarkt.net%2Fmagazin%2Fweiterbildung_kriterien_auswahl_weiterbildung%2F\" title=\"Bei LinkedIn teilen\" aria-label=\"Bei LinkedIn teilen\" role=\"button\" rel=\"noopener nofollow\" class=\"shariff-link\" style=\"; background-color:#0077b5; color:#fff\" target=\"_blank\"><span class=\"shariff-icon\" style=\"\"><svg width=\"32px\" height=\"20px\" xmlns=\"http:\/\/www.w3.org\/2000\/svg\" viewBox=\"0 0 27 32\"><path fill=\"#0077b5\" d=\"M6.2 11.2v17.7h-5.9v-17.7h5.9zM6.6 5.7q0 1.3-0.9 2.2t-2.4 0.9h0q-1.5 0-2.4-0.9t-0.9-2.2 0.9-2.2 2.4-0.9 2.4 0.9 0.9 2.2zM27.4 18.7v10.1h-5.9v-9.5q0-1.9-0.7-2.9t-2.3-1.1q-1.1 0-1.9 0.6t-1.2 1.5q-0.2 0.5-0.2 1.4v9.9h-5.9q0-7.1 0-11.6t0-5.3l0-0.9h5.9v2.6h0q0.4-0.6 0.7-1t1-0.9 1.6-0.8 2-0.3q3 0 4.9 2t1.9 6z\"\/><\/svg><\/span><\/a><\/li><li class=\"shariff-button whatsapp shariff-nocustomcolor\" style=\"background-color:#5cbe4a\"><a href=\"https:\/\/api.whatsapp.com\/send?text=https%3A%2F%2Fwww.weiterbildungsmarkt.net%2Fmagazin%2Fweiterbildung_kriterien_auswahl_weiterbildung%2F%20Weiterbildung%20%E2%80%93%20Wesentliche%20Kriterien%20f%C3%BCr%20die%20Auswahl%20der%20passenden%20Weiterbildung\" title=\"Bei Whatsapp teilen\" aria-label=\"Bei Whatsapp teilen\" role=\"button\" rel=\"noopener nofollow\" class=\"shariff-link\" style=\"; background-color:#34af23; color:#fff\" target=\"_blank\"><span class=\"shariff-icon\" style=\"\"><svg width=\"32px\" height=\"20px\" xmlns=\"http:\/\/www.w3.org\/2000\/svg\" viewBox=\"0 0 32 32\"><path fill=\"#34af23\" d=\"M17.6 17.4q0.2 0 1.7 0.8t1.6 0.9q0 0.1 0 0.3 0 0.6-0.3 1.4-0.3 0.7-1.3 1.2t-1.8 0.5q-1 0-3.4-1.1-1.7-0.8-3-2.1t-2.6-3.3q-1.3-1.9-1.3-3.5v-0.1q0.1-1.6 1.3-2.8 0.4-0.4 0.9-0.4 0.1 0 0.3 0t0.3 0q0.3 0 0.5 0.1t0.3 0.5q0.1 0.4 0.6 1.6t0.4 1.3q0 0.4-0.6 1t-0.6 0.8q0 0.1 0.1 0.3 0.6 1.3 1.8 2.4 1 0.9 2.7 1.8 0.2 0.1 0.4 0.1 0.3 0 1-0.9t0.9-0.9zM14 26.9q2.3 0 4.3-0.9t3.6-2.4 2.4-3.6 0.9-4.3-0.9-4.3-2.4-3.6-3.6-2.4-4.3-0.9-4.3 0.9-3.6 2.4-2.4 3.6-0.9 4.3q0 3.6 2.1 6.6l-1.4 4.2 4.3-1.4q2.8 1.9 6.2 1.9zM14 2.2q2.7 0 5.2 1.1t4.3 2.9 2.9 4.3 1.1 5.2-1.1 5.2-2.9 4.3-4.3 2.9-5.2 1.1q-3.5 0-6.5-1.7l-7.4 2.4 2.4-7.2q-1.9-3.2-1.9-6.9 0-2.7 1.1-5.2t2.9-4.3 4.3-2.9 5.2-1.1z\"\/><\/svg><\/span><\/a><\/li><li class=\"shariff-button pinterest shariff-nocustomcolor\" style=\"background-color:#e70f18\"><a href=\"https:\/\/www.pinterest.com\/pin\/create\/link\/?url=https%3A%2F%2Fwww.weiterbildungsmarkt.net%2Fmagazin%2Fweiterbildung_kriterien_auswahl_weiterbildung%2F&media=https%3A%2F%2Fwww.weiterbildungsmarkt.net%2Fmagazin%2Fwp-content%2Fuploads%2F2024%2F11%2Fcolored-pencils-2024-09-23-04-02-30-utc-scaled.jpg&description=Weiterbildung%20%E2%80%93%20Wesentliche%20Kriterien%20f%C3%BCr%20die%20Auswahl%20der%20passenden%20Weiterbildung\" title=\"Bei Pinterest pinnen\" aria-label=\"Bei Pinterest pinnen\" role=\"button\" rel=\"noopener nofollow\" class=\"shariff-link\" style=\"; background-color:#cb2027; color:#fff\" target=\"_blank\"><span class=\"shariff-icon\" style=\"\"><svg width=\"32px\" height=\"20px\" xmlns=\"http:\/\/www.w3.org\/2000\/svg\" viewBox=\"0 0 27 32\"><path fill=\"#cb2027\" d=\"M27.4 16q0 3.7-1.8 6.9t-5 5-6.9 1.9q-2 0-3.9-0.6 1.1-1.7 1.4-2.9 0.2-0.6 1-3.8 0.4 0.7 1.3 1.2t2 0.5q2.1 0 3.8-1.2t2.7-3.4 0.9-4.8q0-2-1.1-3.8t-3.1-2.9-4.5-1.2q-1.9 0-3.5 0.5t-2.8 1.4-2 2-1.2 2.3-0.4 2.4q0 1.9 0.7 3.3t2.1 2q0.5 0.2 0.7-0.4 0-0.1 0.1-0.5t0.2-0.5q0.1-0.4-0.2-0.8-0.9-1.1-0.9-2.7 0-2.7 1.9-4.6t4.9-2q2.7 0 4.2 1.5t1.5 3.8q0 3-1.2 5.2t-3.1 2.1q-1.1 0-1.7-0.8t-0.4-1.9q0.1-0.6 0.5-1.7t0.5-1.8 0.2-1.4q0-0.9-0.5-1.5t-1.4-0.6q-1.1 0-1.9 1t-0.8 2.6q0 1.3 0.4 2.2l-1.8 7.5q-0.3 1.2-0.2 3.2-3.7-1.6-6-5t-2.3-7.6q0-3.7 1.9-6.9t5-5 6.9-1.9 6.9 1.9 5 5 1.8 6.9z\"\/><\/svg><\/span><\/a><\/li><\/ul><\/div>","protected":false},"excerpt":{"rendered":"<p>Wie Sie die passende Weiterbildung suchen &amp; finden Weiterbildung ist der zentrale Schl\u00fcssel f\u00fcr beruflichen und pers\u00f6nlichen Erfolg. Da vorhandenes Wissen nach und nach veraltet und laufende Ver\u00e4nderungen, in der Technologie, in Branchen und in den Strukturen und Abl\u00e4ufen von Organisationen erfolgen, ist eine regelm\u00e4\u00dfige Ausbildung und Weiterbildung unumg\u00e4nglich f\u00fcr alle Berufsgruppen, Hierarchien und Geschlechter. [&hellip;]<\/p>\n","protected":false},"author":1,"featured_media":9749,"parent":0,"menu_order":0,"comment_status":"open","ping_status":"closed","template":"","meta":{"_acf_changed":false,"footnotes":""},"class_list":["post-2156","page","type-page","status-publish","has-post-thumbnail","hentry"],"acf":[],"_links":{"self":[{"href":"https:\/\/www.weiterbildungsmarkt.net\/magazin\/wp-json\/wp\/v2\/pages\/2156","targetHints":{"allow":["GET"]}}],"collection":[{"href":"https:\/\/www.weiterbildungsmarkt.net\/magazin\/wp-json\/wp\/v2\/pages"}],"about":[{"href":"https:\/\/www.weiterbildungsmarkt.net\/magazin\/wp-json\/wp\/v2\/types\/page"}],"author":[{"embeddable":true,"href":"https:\/\/www.weiterbildungsmarkt.net\/magazin\/wp-json\/wp\/v2\/users\/1"}],"replies":[{"embeddable":true,"href":"https:\/\/www.weiterbildungsmarkt.net\/magazin\/wp-json\/wp\/v2\/comments?post=2156"}],"version-history":[{"count":53,"href":"https:\/\/www.weiterbildungsmarkt.net\/magazin\/wp-json\/wp\/v2\/pages\/2156\/revisions"}],"predecessor-version":[{"id":4818,"href":"https:\/\/www.weiterbildungsmarkt.net\/magazin\/wp-json\/wp\/v2\/pages\/2156\/revisions\/4818"}],"wp:featuredmedia":[{"embeddable":true,"href":"https:\/\/www.weiterbildungsmarkt.net\/magazin\/wp-json\/wp\/v2\/media\/9749"}],"wp:attachment":[{"href":"https:\/\/www.weiterbildungsmarkt.net\/magazin\/wp-json\/wp\/v2\/media?parent=2156"}],"curies":[{"name":"wp","href":"https:\/\/api.w.org\/{rel}","templated":true}]}}