{"id":15,"date":"2015-02-09T12:41:07","date_gmt":"2015-02-09T11:41:07","guid":{"rendered":"http:\/\/www.weiterbildungsmarkt.net\/member\/?page_id=15"},"modified":"2024-01-12T14:10:55","modified_gmt":"2024-01-12T13:10:55","slug":"basicprofil-registrieren","status":"publish","type":"page","link":"https:\/\/www.weiterbildungsmarkt.net\/member\/basicprofil-registrieren\/","title":{"rendered":"Jetzt kostenlos registrieren!"},"content":{"rendered":"<p>[vc_row][vc_column width=&#8220;1\/6&#8243;][\/vc_column][vc_column width=&#8220;2\/3&#8243;][vc_wp_text]<\/p>\n<h2 style=\"text-align: justify;\">Trainer, Speaker, Coaches, Berater, Bildungstr\u00e4ger sowie Aus- und Weiterbildungen werden immer h\u00e4ufiger \u00fcber das Internet gesucht!<\/h2>\n<h4 style=\"text-align: justify;\"><span style=\"color: #333333;\"><strong>Werden auch Sie und Ihre Leistungsangebote auf Weiterbildungsmarkt.net gefunden und tragen Sie sich kostenlos in die Datenbank ein!<\/strong><\/span><\/h4>\n<p>[\/vc_wp_text][vc_btn title=&#8220;Jetzt kostenlos registrieren!&#8220; color=&#8220;green&#8220; align=&#8220;right&#8220; i_icon_fontawesome=&#8220;&#8220; css_animation=&#8220;zoomIn&#8220; add_icon=&#8220;true&#8220; link=&#8220;url:https%3A%2F%2Fwww.weiterbildungsmarkt.net%2Fmember%2Fjetzt-registrieren%2F|title:Jetzt%20registrieren!|target:_blank&#8220;][vc_wp_text]<\/p>\n<h3 style=\"text-align: justify;\">Was ist Weiterbildungsmarkt.net?<\/h3>\n<p style=\"text-align: justify;\"><strong>Weiterbildungsmarkt.net<\/strong> z\u00e4hlt mittlerweile <strong>mit mehr als 2.000 Anbietern<\/strong> aus der Weiterbildung, dem Training, der Beratung, dem Coaching und den Servicedienstleistern zu <strong>einem der gr\u00f6\u00dften Portale in der Weiterbildung im deutschsprachigem Raum<\/strong>. Zahlreiche <strong>namhafte Organisationen nutzen Weiterbildungsmarkt.net bereits seit Jahren.<\/strong><\/p>\n<h3 style=\"text-align: justify;\">Was bietet Ihnen das kostenlose Basisprofil auf Weiterbildungsmarkt.net?<\/h3>\n<p style=\"text-align: justify;\"><strong>Mit dem kostenlosen Basisprofil k\u00f6nnen Sie:<\/strong><\/p>\n<ul style=\"text-align: justify;\">\n<li>+ sich <strong>1 Rubrik zuordnen<\/strong>, in der Sie gefunden werden wollen (als Trainer, Speaker, Coach, Weiterbildungsinstitut oder Serviceanbieter)<\/li>\n<li>+<strong> 1 Fachbereich<\/strong> f\u00fcr Ihre Spezialisierung ausw\u00e4hlen<\/li>\n<li>+<strong> 500 Zeichen Text<\/strong> \u00fcber sich und Ihre Leistungen eintragen<\/li>\n<li>+ die <strong>Kontaktdaten<\/strong> und den <strong>Link<\/strong> zu Ihrer Webseite anzeigen (No-follow-Link)<\/li>\n<li>+<strong> 1 Portraitbild oder Logo<\/strong> hinzuf\u00fcgen<\/li>\n<\/ul>\n<hr \/>\n<h3><img loading=\"lazy\" decoding=\"async\" class=\"alignleft size-thumbnail wp-image-2014\" src=\"https:\/\/www.weiterbildungsmarkt.net\/member\/wp-content\/uploads\/2024\/01\/Basic-Anbietersiegel-2024-500x500px-150x150.png\" alt=\"Basic Anbietersiegel 2024 500x500px\" width=\"150\" height=\"150\" srcset=\"https:\/\/www.weiterbildungsmarkt.net\/member\/wp-content\/uploads\/2024\/01\/Basic-Anbietersiegel-2024-500x500px-150x150.png 150w, https:\/\/www.weiterbildungsmarkt.net\/member\/wp-content\/uploads\/2024\/01\/Basic-Anbietersiegel-2024-500x500px-300x300.png 300w, https:\/\/www.weiterbildungsmarkt.net\/member\/wp-content\/uploads\/2024\/01\/Basic-Anbietersiegel-2024-500x500px-420x420.png 420w, https:\/\/www.weiterbildungsmarkt.net\/member\/wp-content\/uploads\/2024\/01\/Basic-Anbietersiegel-2024-500x500px.png 500w\" sizes=\"auto, (max-width: 150px) 100vw, 150px\" \/> Anbietersiegel<\/h3>\n<p><strong>Zus\u00e4tzlich erhalten Sie von uns auch noch das Anbietersiegel &#8222;Anbieter im Weiterbildungsmarkt&#8220;.<\/strong> Da jedes Profil von unserer Redaktion inhaltlich auf Seriosit\u00e4t und Professionalit\u00e4t \u00fcberpr\u00fcft wird, erhalten dieses Siegel nur ausgew\u00e4hlte Anbieter. Mit dem Siegel k\u00f6nnen Sie auf Ihrer Webseite auf diesen Qualit\u00e4tsaspekt hinweisen.<\/p>\n<hr \/>\n<p><strong>Was ist der Aufwand f\u00fcr die Erstellung des kostenlosen Basisprofils?<\/strong><\/p>\n<p style=\"text-align: justify;\">Das kostenlose Basisprofil ist in wenigen Minuten erstellt. Bitte f\u00fcllen Sie dazu das Formular aus.<\/p>\n<p style=\"text-align: justify;\">Nach Eingang Ihres Registrierungsantrags pr\u00fcft die Redaktion die Echtheit und Qualit\u00e4t der Angaben sowie die hinterlegte Website-Domain. Sobald die Redaktion das kostenlose Basisprofil freigeschaltet hat, k\u00f6nnen Sie Ihre Inhalte vervollst\u00e4ndigen und das Profil online stellen. Danach k\u00f6nnen Sie sich jederzeit wieder in Ihr Benutzerkonto einloggen, um Anpassungen an Ihrem Profil vorzunehmen.<\/p>\n<h2 style=\"text-align: justify;\">Registrieren Sie jetzt Ihr kostenloses Basisprofil!<\/h2>\n<p style=\"text-align: justify;\">Wir freuen uns, Sie schon bald auf Weiterbildungsmarkt.net kostenlos ank\u00fcndigen zu d\u00fcrfen!<\/p>\n<p style=\"text-align: justify;\"><strong><a title=\"https:\/\/www.weiterbildungsmarkt.net\/registrieren\/basic\" href=\"https:\/\/www.weiterbildungsmarkt.net\/member\/jetzt-registrieren\/\">Jetzt kostenlos registrieren!<\/a><\/strong><\/p>\n<p>[\/vc_wp_text][\/vc_column][vc_column width=&#8220;1\/6&#8243;][\/vc_column][\/vc_row][vc_row][vc_column width=&#8220;1\/6&#8243;][\/vc_column][vc_column width=&#8220;2\/3&#8243;][vc_btn title=&#8220;Jetzt kostenlos registrieren!&#8220; color=&#8220;green&#8220; align=&#8220;right&#8220; i_icon_fontawesome=&#8220;&#8220; css_animation=&#8220;zoomIn&#8220; add_icon=&#8220;true&#8220; link=&#8220;url:https%3A%2F%2Fwww.weiterbildungsmarkt.net%2Fmember%2Fjetzt-registrieren%2F|title:Jetzt%20registrieren!|target:_blank&#8220;][vc_text_separator title=&#8220;H\u00e4ufig gestellte Fragen&#8220; i_icon_fontawesome=&#8220;fa fa-question-circle-o&#8220; i_color=&#8220;green&#8220; border_width=&#8220;3&#8243; add_icon=&#8220;true&#8220;][\/vc_column][vc_column width=&#8220;1\/6&#8243;][\/vc_column][\/vc_row][vc_row][vc_column width=&#8220;1\/6&#8243;][\/vc_column][vc_column width=&#8220;2\/3&#8243;][vc_toggle title=&#8220;Ist das kostenlose Basisprofil wirklich komplett kostenlos?&#8220;]<\/p>\n<p style=\"text-align: justify;\">Ja, das Basisprofil mit den Leistungen: Zuordnung zu 1 Rubrik, 1 Fachbereich, 500 Zeichen Text, Kontaktdaten und Logo\/Portraitfoto ist kostenlos, auch in Zukunft. Selbstverst\u00e4ndlich ist es jederzeit m\u00f6glich, die Vermarktungsleistungen auszuweiten und auf ein kostenpflichtiges Profil, z.B. auf das Classicprofil (mit Vorreihung, 5.000 Zeichen Text, Follow-Backlink etc.) umzustellen.<\/p>\n<p>[\/vc_toggle][vc_toggle title=&#8220;Verlangen Sie eine Provision f\u00fcr die Vermittlung von Auftr\u00e4gen?&#8220;]<\/p>\n<p style=\"text-align: justify;\">Weiterbildungsmarkt.net versteht sich als Such- und Informationsportal, nicht als Vermittlungsb\u00f6rse. Unser Ziel ist es, Interessenten einen fundierten und qualitativ hochwertigen Markt\u00fcberblick \u00fcber Anbieter und Angebote in der Weiterbildung und Beratung zu bieten. \u00dcber die Kontaktinformationen (Telefonnummer, Webseite) k\u00f6nnen Interessenten direkt mit Ihnen Kontakt aufnehmen. Da etwaige Anfragen nicht \u00fcber uns laufen, k\u00f6nnten wir auch gar nicht nachvollziehen, ob es bei Ihnen \u00fcber unser Portal zu einem Gesch\u00e4ftsabschluss gekommen ist. Daher ist auch keine Provision f\u00e4llig, wenn Sie \u00fcber unser Portal zu einem Auftrag kommen.<\/p>\n<p>[\/vc_toggle][vc_toggle title=&#8220;Warum bieten Sie diese Vermarktungsleistung kostenlos an?&#8220;]<\/p>\n<p style=\"text-align: justify;\">Mit dem kostenlosen Basisprofil erm\u00f6glichen wir auch Anbietern mit keinem oder wenig Vermarktungsbudget eine Pr\u00e4sentation in den gesuchten Fachbereichen. Mit einem kostenlosen Basisprofil bieten Sie uns, und damit auch unseren Portalbesuchern aktuelle fachlich hochwertige Marktinformationen. Diese Brancheninformationen sind f\u00fcr die Qualit\u00e4t unserer Plattform so wertvoll, dass wir Ihnen die Anbieterpr\u00e4sentation mit dem Basisprofil kostenlos zur Verf\u00fcgung stellen.<\/p>\n<p>[\/vc_toggle][vc_toggle title=&#8220;Wie finanziert sich Weiterbildungsmarkt.net?&#8220;]<\/p>\n<p style=\"text-align: justify;\">Weiterbildungsmarkt.net finanziert sich ausschlie\u00dflich \u00fcber kostenpflichtige Vermarktungspakete, wie z.B. \u00fcber die Premium- und Classic-Anbieterprofile, die Vermarktung von Weiterbildungsangeboten \u00fcber die kostenpflichtigen Stellpl\u00e4tze und Online Banner-Werbung.<\/p>\n<p>[\/vc_toggle][vc_toggle title=&#8220;Wer steht hinter Weiterbildungsmarkt.net?&#8220;]<\/p>\n<p style=\"text-align: justify;\">Weiterbildungsmarkt.net wird betrieben von der Die BILDUNGSMANAGER KG, einem Unternehmen, dass seit dem Jahr 2010 innovative L\u00f6sungen im Bildungsmanagement, Bildungsmarketing und Online Marketing anbietet. Initiatorin der Weiterbildungsplattform und Gesch\u00e4ftsf\u00fchrerin des Unternehmens ist Mag. Andrea Jindra. Die Expertin f\u00fcr Online Vermarktung ist bereits seit dem Jahr 2000 in der Weiterbildungsbranche t\u00e4tig und arbeitet mit den f\u00fchrenden Anbietern in der Weiterbildung und Beratung im gesamten deutschsprachigen Raum zusammen. F\u00fcr uns ist das gr\u00f6\u00dfte Credo: \u201cQualit\u00e4t vor Quantit\u00e4t\u201d. Wir legen gr\u00f6\u00dften Wert auf qualifizierte Inhalte auf unserer Plattform und bekommen damit auch qualitative Besucher, die nach aktuellen Marktinformationen, lehrreichen Fachinhalten, Anbietern und Angeboten suchen!<\/p>\n<p>[\/vc_toggle][vc_toggle title=&#8220;Werde ich \u00fcberhaupt gefunden, wenn es bereits so viele Anbieter in der Datenbank gibt?&#8220;]<\/p>\n<p style=\"text-align: justify;\">Im gesamten deutschsprachigen Raum gibt es hunderttausende Personen und Firmen, die Weiterbildung, Training, Coaching, Beratung, Speaking und Servicedienstleistungen anbieten. Auf Weiterbildungsmarkt.net befinden sich derzeit mehr als 2.000 Anbieter. \u00dcber die Suchfilter ist die Plattform so \u00fcbersichtlich, dass Interessenten sich rasch einen guten Markt\u00fcberblick machen k\u00f6nnen. Suchende, die auf Knopfdruck eine \u00dcbersicht \u00fcber passende Anbieter findet, suchen nicht weiter, sondern treffen die Entscheidung aus der Suchtrefferliste heraus. Sie sollten daher in Ihrem Spezialbereich leicht auf Weiterbildungsmarkt.net gefunden werden.<\/p>\n<p>[\/vc_toggle][vc_toggle title=&#8220;Ist das Portal nur f\u00fcr den \u00f6sterreichischen Markt?&#8220;]<\/p>\n<p style=\"text-align: justify;\">Der Gro\u00dfteil der Besucher kommen aus Deutschland, \u00d6sterreich und der Schweiz. Das Portal richtet sich daher an den gesamten deutschsprachigen Raum.<\/p>\n<p>[\/vc_toggle][vc_toggle title=&#8220;Warum kann ich nur 1 Rubrik ausw\u00e4hlen f\u00fcr meine Pr\u00e4sentation?&#8220;]<\/p>\n<p style=\"text-align: justify;\">Das kostenlose Basisprofil erm\u00f6glicht nur 1 Auswahlkriterium. Sie k\u00f6nnen sich entweder als Trainer, Coach, Speaker, Institut oder Serviceanbieter mit der Angabe eines Fachbereiches, in dem Sie den Schwerpunkt Ihrer T\u00e4tigkeit haben, in der Datenbank eintragen. Wenn Sie eine umfassendere Pr\u00e4senz auf Weiterbildungsmarkt.net w\u00fcnschen, weil Sie in mehreren Rubriken und in diversen Fachbereichen gefunden werden wollen, oder auch mit Ihren Weiterbildungsangeboten, unter Weiterbildung, Seminare, Lehrg\u00e4nge, Bachelor, Master gefunden werden wollen, k\u00f6nnen Sie jederzeit auf ein kostenpflichtiges Profil, z.B. das Classic Profil umsteigen.<\/p>\n<p>[\/vc_toggle][vc_toggle title=&#8220;Was muss ich beachten, damit das kostenlose Basisprofil weiterhin auf Weiterbildungsmarkt.net ver\u00f6ffentlicht wird?&#8220;]<\/p>\n<p style=\"text-align: justify;\">Damit das kostenlose Basisprofil ver\u00f6ffentlicht wird und auch auf der Plattform bleibt, m\u00fcssen zun\u00e4chst Ihre Angaben korrekt sein. Jedes Profil, dass in der Datenbank ver\u00f6ffentlicht wird, wird auch von der Redaktion \u00fcberpr\u00fcft, um die Qualit\u00e4t der Inhalte sicherzustellen. Werden im Profil falsche Angaben gemacht oder Inhalte ver\u00f6ffentlicht, die der professionellen Ausrichtung von Weiterbildungsmarkt.net schaden k\u00f6nnten, wird das Profil sofort wieder gel\u00f6scht. Damit stellen wir sicher, dass sich nur qualitative Anbieter auf der Plattform befinden und Sie k\u00f6nnen sich sicher sein, dass Sie sich im Umfeld mit seri\u00f6sen Anbietern pr\u00e4sentieren.<\/p>\n<p style=\"text-align: justify;\">Weiters muss eine aktuelle und aktive E-Mail-Adresse und Webseite in den Stammdaten hinterlegt sein. Wir schreiben diese E-Mail-Adresse auch in regelm\u00e4\u00dfigen Abst\u00e4nden automatisiert an, um zu \u00fcberpr\u00fcfen, ob die Adresse noch aktuell ist. Eine inaktive E-Mail-Adresse ist oftmals ein Hinweis darauf, dass der Anbieter nicht mehr aktiv ist. Um Fehler bei der Verlinkung zu vermeiden, werden in regelm\u00e4\u00dfigen Abst\u00e4nden kostenlose Basisprofile aus der Datenbank wieder gel\u00f6scht, die keine aktive E-Mail-Adresse und Webseite haben.<\/p>\n<p>[\/vc_toggle][vc_toggle title=&#8220;Kann ich das kostenlose Basisprofil sp\u00e4ter wieder l\u00f6schen?&#8220;]<\/p>\n<p style=\"text-align: justify;\">Wenn Sie das kostenlose Basisprofil zu einem sp\u00e4teren Zeitpunkt wieder l\u00f6schen wollen, senden Sie uns einfach eine E-Mail. Um Missbrauch zu vermeiden, sollte die E-Mail von einem Account gesendet werden, das mit der Webseite, des zu l\u00f6schenden Anbieterprofils in Zusammenhang steht. Bitte beachten Sie, dass wenn das Profil von uns gel\u00f6scht wurde, es nicht mehr wiederherstellbar ist. Wenn Sie das kostenlose Basisprofil sp\u00e4ter wieder ver\u00f6ffentlichen wollen, m\u00fcssen Sie sich neu registrieren und erneut ein neues kostenloses Basisprofil anlegen.<\/p>\n<p>[\/vc_toggle][vc_toggle title=&#8220;Gibt es eine \u00dcbersicht, wie viele Besucher mein kostenloses Basisprofil angesehen haben?&#8220;]<\/p>\n<p style=\"text-align: justify;\">Eine detaillierte Statistik \u00fcber die Profilaufraufe erhalten Sie erst ab dem kostenpflichtigen Classic-Profil. Erst mit dem Classic-Profil erhalten Sie eine \u00dcbersicht \u00fcber die Anzahl der Impressionen des Profils, der Zahl der Profil\u00f6ffnungen, der Klicks auf die hinterlegte Webseite und die Anzahl an Kontaktanfragen, die \u00fcber das Profil generiert wurden.<\/p>\n<p>Die Z\u00e4hlung startet aber erst mit dem Zeitpunkt der Umstellung auf das kostenpflichtige Profil.[\/vc_toggle][vc_toggle title=&#8220;Kann ich meine ver\u00f6ffentlichten Inhalte anpassen, wenn sich meine Leistungen \u00e4ndern?&#8220;]<\/p>\n<p style=\"text-align: justify;\">Mit Ihren Accountdaten f\u00fcr das kostenlose Basisprofil haben Sie einen 24\/7-Zugang in den Login-Bereich. Hier k\u00f6nnen Sie Ihre Stammdaten pflegen sowie s\u00e4mtliche Inhalte anpassen. Damit k\u00f6nnen Sie s\u00e4mtliche Informationen \u00fcber sich und Ihre Leistungen f\u00fcr die Profilbesucher am aktuellen Stand halten.<\/p>\n<p>[\/vc_toggle][\/vc_column][vc_column width=&#8220;1\/6&#8243;][\/vc_column][\/vc_row][vc_row][vc_column width=&#8220;1\/6&#8243;][\/vc_column][vc_column width=&#8220;2\/3&#8243;][vc_btn title=&#8220;Jetzt kostenlos registrieren!&#8220; color=&#8220;green&#8220; align=&#8220;right&#8220; i_icon_fontawesome=&#8220;&#8220; css_animation=&#8220;zoomIn&#8220; add_icon=&#8220;true&#8220; link=&#8220;url:https%3A%2F%2Fwww.weiterbildungsmarkt.net%2Fmember%2Fjetzt-registrieren%2F|title:Jetzt%20registrieren!|target:_blank&#8220;][\/vc_column][vc_column width=&#8220;1\/6&#8243;][\/vc_column][\/vc_row][vc_row][vc_column width=&#8220;1\/6&#8243;][\/vc_column][vc_column width=&#8220;2\/3&#8243;][vc_wp_text]<\/p>\n<h2 style=\"text-align: justify;\">Registrieren Sie jetzt Ihr kostenloses Basisprofil!<\/h2>\n<p style=\"text-align: justify;\">Klicken Sie einfach den Button: \u201cJetzt kostenlos registrieren\u201d und Sie gelangen in das Registrierungsformular. Bitte f\u00fcllen Sie hier Ihre Stammdaten aus und w\u00e4hlen Sie die Rubrik, in der Sie auf Weiterbildungsmarkt.net gefunden werden wollen. Sobald die Redaktion Ihre Daten gepr\u00fcft hat erhalten Sie ein E-Mail mit der Aufforderung zur Vervollst\u00e4ndigung und Online Stellen des Profils.<\/p>\n<p style=\"text-align: justify;\"><strong>&gt;\u00a0<a title=\"https:\/\/www.weiterbildungsmarkt.net\/registrieren\/basic\" href=\"https:\/\/www.weiterbildungsmarkt.net\/member\/jetzt-registrieren\/\">Jetzt kostenlos registrieren!<\/a><\/strong><\/p>\n<p style=\"text-align: justify;\">Wir freuen uns, Sie bald auf Weiterbildungsmarkt.net mit einem kostenlosen Basisprofil in unserer Datenbank begr\u00fc\u00dfen zu d\u00fcrfen!<\/p>\n<p style=\"text-align: justify;\">Ihr Weiterbildungsmarkt.net-Team<\/p>\n<p style=\"text-align: justify;\"><strong>P.S.: Haben Sie noch Fragen, die oben nicht beantwortet wurden? Dann schreiben Sie uns Ihre Frage \u00fcber die &gt;\u00a0<a href=\"https:\/\/www.weiterbildungsmarkt.net\/kontakt\">Kontaktseite<\/a><\/strong><\/p>\n<p>[\/vc_wp_text][\/vc_column][vc_column width=&#8220;1\/6&#8243;][\/vc_column][\/vc_row]<\/p>\n","protected":false},"excerpt":{"rendered":"<p>[vc_row][vc_column width=&#8220;1\/6&#8243;][\/vc_column][vc_column width=&#8220;2\/3&#8243;][vc_wp_text] Trainer, Speaker, Coaches, Berater, Bildungstr\u00e4ger sowie Aus- und Weiterbildungen werden immer h\u00e4ufiger \u00fcber das Internet gesucht! Werden auch Sie und Ihre Leistungsangebote auf Weiterbildungsmarkt.net gefunden und tragen Sie sich kostenlos in die Datenbank ein! [\/vc_wp_text][vc_btn title=&#8220;Jetzt kostenlos registrieren!&#8220; color=&#8220;green&#8220; align=&#8220;right&#8220; i_icon_fontawesome=&#8220;&#8220; css_animation=&#8220;zoomIn&#8220; add_icon=&#8220;true&#8220; link=&#8220;url:https%3A%2F%2Fwww.weiterbildungsmarkt.net%2Fmember%2Fjetzt-registrieren%2F|title:Jetzt%20registrieren!|target:_blank&#8220;][vc_wp_text] Was ist Weiterbildungsmarkt.net? Weiterbildungsmarkt.net z\u00e4hlt mittlerweile mit mehr [&hellip;]<\/p>\n","protected":false},"author":1,"featured_media":0,"parent":0,"menu_order":0,"comment_status":"closed","ping_status":"closed","template":"","meta":{"footnotes":""},"class_list":["post-15","page","type-page","status-publish","hentry"],"_links":{"self":[{"href":"https:\/\/www.weiterbildungsmarkt.net\/member\/wp-json\/wp\/v2\/pages\/15","targetHints":{"allow":["GET"]}}],"collection":[{"href":"https:\/\/www.weiterbildungsmarkt.net\/member\/wp-json\/wp\/v2\/pages"}],"about":[{"href":"https:\/\/www.weiterbildungsmarkt.net\/member\/wp-json\/wp\/v2\/types\/page"}],"author":[{"embeddable":true,"href":"https:\/\/www.weiterbildungsmarkt.net\/member\/wp-json\/wp\/v2\/users\/1"}],"replies":[{"embeddable":true,"href":"https:\/\/www.weiterbildungsmarkt.net\/member\/wp-json\/wp\/v2\/comments?post=15"}],"version-history":[{"count":52,"href":"https:\/\/www.weiterbildungsmarkt.net\/member\/wp-json\/wp\/v2\/pages\/15\/revisions"}],"predecessor-version":[{"id":2017,"href":"https:\/\/www.weiterbildungsmarkt.net\/member\/wp-json\/wp\/v2\/pages\/15\/revisions\/2017"}],"wp:attachment":[{"href":"https:\/\/www.weiterbildungsmarkt.net\/member\/wp-json\/wp\/v2\/media?parent=15"}],"curies":[{"name":"wp","href":"https:\/\/api.w.org\/{rel}","templated":true}]}}