{"id":1788,"date":"2022-10-07T13:43:05","date_gmt":"2022-10-07T11:43:05","guid":{"rendered":"https:\/\/www.weiterbildungsmarkt.net\/member\/?page_id=1788"},"modified":"2024-09-09T10:45:32","modified_gmt":"2024-09-09T08:45:32","slug":"jetzt-registrieren","status":"publish","type":"page","link":"https:\/\/www.weiterbildungsmarkt.net\/member\/jetzt-registrieren\/","title":{"rendered":"Jetzt registrieren"},"content":{"rendered":"<h2>Willkommen im Registrierungsprozess<\/h2>\n<p><strong>Aufgrund von technischen Umbauarbeiten in unserer Anbieterdatenbank sind aktuell leider keine Registrierungen f\u00fcr das kostenlose Basisprofil m\u00f6glich. Vielen Dank f\u00fcr Ihr Verst\u00e4ndnis.<\/strong><\/p>\n<p>Vielen Dank f\u00fcr Ihr Interesse an der Weiterbildungsmarkt.net &#8211; Anbieterdatenbank.<\/p>\n<p>F\u00fcr Ihr kostenloses Anbieterprofil &#8222;Basic&#8220; w\u00e4hlen Sie bitte eine Kategorie aus, in der Sie<br \/>\ngefunden werden m\u00f6chten und f\u00fcllen Sie die Pflichtfelder aus.<\/p>\n<p>Nach Eingang Ihres Registrierungsantrags pr\u00fcft die Redaktion die Echtheit und Qualit\u00e4t der Angaben sowie die hinterlegte Website-Domain. Sobald die Redaktion das kostenlose Basisprofil freigeschaltet hat, k\u00f6nnen Sie Ihre Inhalte vervollst\u00e4ndigen und das Profil online stellen. Danach k\u00f6nnen Sie sich jederzeit wieder in Ihr Benutzerkonto einloggen, um Anpassungen an Ihrem Profil vorzunehmen.<\/p>\n<p>Wir freuen uns, wenn Sie die Weiterbildungsmarkt.net &#8211; Anbieterdatenbank f\u00fcr Ihre Online Vermarktung nutzen!<\/p>\n<p>Ihr Weiterbildungsmarkt.net &#8211; Team<\/p>\n","protected":false},"excerpt":{"rendered":"<p>Willkommen im Registrierungsprozess Aufgrund von technischen Umbauarbeiten in unserer Anbieterdatenbank sind aktuell leider keine Registrierungen f\u00fcr das kostenlose Basisprofil m\u00f6glich. Vielen Dank f\u00fcr Ihr Verst\u00e4ndnis. Vielen Dank f\u00fcr Ihr Interesse an der Weiterbildungsmarkt.net &#8211; Anbieterdatenbank. F\u00fcr Ihr kostenloses Anbieterprofil &#8222;Basic&#8220; w\u00e4hlen Sie bitte eine Kategorie aus, in der Sie gefunden werden m\u00f6chten und f\u00fcllen Sie [&hellip;]<\/p>\n","protected":false},"author":1,"featured_media":0,"parent":0,"menu_order":0,"comment_status":"closed","ping_status":"closed","template":"","meta":{"footnotes":""},"class_list":["post-1788","page","type-page","status-publish","hentry"],"_links":{"self":[{"href":"https:\/\/www.weiterbildungsmarkt.net\/member\/wp-json\/wp\/v2\/pages\/1788","targetHints":{"allow":["GET"]}}],"collection":[{"href":"https:\/\/www.weiterbildungsmarkt.net\/member\/wp-json\/wp\/v2\/pages"}],"about":[{"href":"https:\/\/www.weiterbildungsmarkt.net\/member\/wp-json\/wp\/v2\/types\/page"}],"author":[{"embeddable":true,"href":"https:\/\/www.weiterbildungsmarkt.net\/member\/wp-json\/wp\/v2\/users\/1"}],"replies":[{"embeddable":true,"href":"https:\/\/www.weiterbildungsmarkt.net\/member\/wp-json\/wp\/v2\/comments?post=1788"}],"version-history":[{"count":8,"href":"https:\/\/www.weiterbildungsmarkt.net\/member\/wp-json\/wp\/v2\/pages\/1788\/revisions"}],"predecessor-version":[{"id":2114,"href":"https:\/\/www.weiterbildungsmarkt.net\/member\/wp-json\/wp\/v2\/pages\/1788\/revisions\/2114"}],"wp:attachment":[{"href":"https:\/\/www.weiterbildungsmarkt.net\/member\/wp-json\/wp\/v2\/media?parent=1788"}],"curies":[{"name":"wp","href":"https:\/\/api.w.org\/{rel}","templated":true}]}}